{"id":2567,"date":"2023-04-26T16:20:57","date_gmt":"2023-04-26T14:20:57","guid":{"rendered":"https:\/\/dev.pakatoys.acanthis.biz\/?page_id=2567"},"modified":"2023-07-06T13:30:14","modified_gmt":"2023-07-06T11:30:14","slug":"peemshop","status":"publish","type":"page","link":"https:\/\/dev.pakatoys.acanthis.biz\/de\/peemshop\/","title":{"rendered":"Peemshop"},"content":{"rendered":"\t\t<div data-elementor-type=\"wp-page\" data-elementor-id=\"2567\" class=\"elementor elementor-2567 elementor-488\" data-elementor-post-type=\"page\">\n\t\t\t\t\t\t<div class=\"elementor-inner\">\n\t\t\t\t<div class=\"elementor-section-wrap\">\n\t\t\t\t\t\t\t\t\t<section class=\"elementor-section elementor-top-section elementor-element elementor-element-5b305f6 elementor-section-full_width elementor-section-height-min-height elementor-section-items-top elementor-section-height-default\" data-id=\"5b305f6\" data-element_type=\"section\" data-settings=\"{&quot;background_background&quot;:&quot;classic&quot;}\">\n\t\t\t\t\t\t<div class=\"elementor-container elementor-column-gap-no\">\n\t\t\t\t\t\t\t<div class=\"elementor-row\">\n\t\t\t\t\t<div class=\"aux-parallax-section elementor-column elementor-col-100 elementor-top-column elementor-element elementor-element-5d790d5\" data-id=\"5d790d5\" data-element_type=\"column\">\n\t\t\t<div class=\"elementor-column-wrap elementor-element-populated\">\n\t\t\t\t\t\t\t<div class=\"elementor-widget-wrap\">\n\t\t\t\t\t\t<section class=\"elementor-section elementor-inner-section elementor-element elementor-element-fbe9b62 elementor-section-content-middle elementor-section-boxed elementor-section-height-default elementor-section-height-default\" data-id=\"fbe9b62\" data-element_type=\"section\">\n\t\t\t\t\t\t<div class=\"elementor-container elementor-column-gap-no\">\n\t\t\t\t\t\t\t<div class=\"elementor-row\">\n\t\t\t\t\t<div class=\"aux-parallax-section elementor-column elementor-col-33 elementor-inner-column elementor-element elementor-element-609c38c\" data-id=\"609c38c\" data-element_type=\"column\">\n\t\t\t<div class=\"elementor-column-wrap elementor-element-populated\">\n\t\t\t\t\t\t\t<div class=\"elementor-widget-wrap\">\n\t\t\t\t\t\t<div class=\"elementor-element elementor-element-077c8fd aux-appear-watch-animation aux-fade-in elementor-widget elementor-widget-aux_modern_heading\" data-id=\"077c8fd\" data-element_type=\"widget\" data-widget_type=\"aux_modern_heading.default\">\n\t\t\t\t<div class=\"elementor-widget-container\">\n\t\t\t<section class=\"aux-widget-modern-heading\">\n            <div class=\"aux-widget-inner\"><h2 class=\"aux-modern-heading-primary\">Peemshop<\/h2><h3 class=\"aux-modern-heading-secondary\"><span class=\"aux-head-highlight\">Peem! Der Shop speziell f\u00fcr unsere Wiederverk\u00e4ufer<\/span><\/h3><div class=\"aux-modern-heading-description\"><p class=\"p1\">Peem ist ein Online-Shop, der speziell f\u00fcr Kunden von Paka Toys entwickelt wurde. Er ist einfach, schnell und intuitiv. Mit nur wenigen Klicks haben Sie Zugang zum gesamten Katalog und den neuesten Paka-Produkten, k\u00f6nnen den Lagerbestand in Echtzeit einsehen, direkt bestellen und Ihre Bestell- und Rechnungshistorie einsehen.<\/p><\/div><\/div>\n        <\/section>\t\t<\/div>\n\t\t\t\t<\/div>\n\t\t\t\t<div class=\"elementor-element elementor-element-b56a36f aux-appear-watch-animation aux-fade-in elementor-widget elementor-widget-aux_modern_button\" data-id=\"b56a36f\" data-element_type=\"widget\" data-widget_type=\"aux_modern_button.default\">\n\t\t\t\t<div class=\"elementor-widget-container\">\n\t\t\t    <div class=\"aux-modern-button-wrapper aux-modern-button-align-left\" >\n                    <a class=\"aux-modern-button aux-black aux-modern-button-md aux-modern-button-normal aux-modern-button-default aux-icon-\" href=\"http:\/\/www.peem.shop\/login\">\n                <div class=\"aux-overlay\"><\/div>\n                                    <div class=\"aux-icon \">\n                                            <\/div>\n                                <div class=\"aux-text\">\n<span class=\"aux-text-before\">Bestellen<\/span>                <\/div>\n            <\/a>\n            \n    <\/div>\n\n    \t\t<\/div>\n\t\t\t\t<\/div>\n\t\t\t\t\t\t<\/div>\n\t\t\t\t\t<\/div>\n\t\t<\/div>\n\t\t\t\t<div class=\"aux-parallax-section elementor-column elementor-col-33 elementor-inner-column elementor-element elementor-element-523fa74\" data-id=\"523fa74\" data-element_type=\"column\">\n\t\t\t<div class=\"elementor-column-wrap elementor-element-populated\">\n\t\t\t\t\t\t\t<div class=\"elementor-widget-wrap\">\n\t\t\t\t\t\t<div class=\"elementor-element elementor-element-8c7c793 elementor-widget__width-auto aux-appear-watch-animation aux-fade-in-left elementor-widget elementor-widget-aux_image\" data-id=\"8c7c793\" data-element_type=\"widget\" data-widget_type=\"aux_image.default\">\n\t\t\t\t<div class=\"elementor-widget-container\">\n\t\t\t<section class=\"widget-container aux-widget-image aux-alignnone aux-parent-au35f564e7\">\n    <div class=\"aux-media-hint-frame \">\n        <div class=\"aux-media-image \" >\n        \n            \n\n            \n            <img decoding=\"async\" loading=\"lazy\" width=\"692\" height=\"690\" src=\"https:\/\/dev.pakatoys.acanthis.biz\/wp-content\/uploads\/2023\/04\/Groupe-108.png\" class=\"aux-attachment aux-featured-image aux-attachment-id-490\" alt=\"Groupe 108\" data-ratio=\"1\" data-original-w=\"692\" \/>            \n                <\/div>\n    <\/div>\n\n<\/section><!-- widget-container -->\t\t<\/div>\n\t\t\t\t<\/div>\n\t\t\t\t<div class=\"elementor-element elementor-element-5876224 elementor-widget__width-auto aux-appear-watch-animation aux-slide-from-top elementor-widget elementor-widget-aux_simple_svg\" data-id=\"5876224\" data-element_type=\"widget\" data-widget_type=\"aux_simple_svg.default\">\n\t\t\t\t<div class=\"elementor-widget-container\">\n\t\t\t    <div class=\"aux-widget-container aux-simple-svg-container\">\n        <div class=\"aux-widget-container-inner\">\n            <div class=\"aux-the-svg\"><img decoding=\"async\" src=\"https:\/\/dev.pakatoys.acanthis.biz\/wp-content\/uploads\/2020\/09\/Path_2452.svg\" title=\"demo-attachment-396-Path_2452\" alt=\"demo-attachment-396-Path_2452\" loading=\"lazy\" \/><\/div>\n        <\/div>\n    <\/div>\n    \t\t<\/div>\n\t\t\t\t<\/div>\n\t\t\t\t<div class=\"elementor-element elementor-element-2e4eac7 elementor-widget__width-auto aux-appear-watch-animation aux-scale-up-2 elementor-widget elementor-widget-aux_simple_svg\" data-id=\"2e4eac7\" data-element_type=\"widget\" data-widget_type=\"aux_simple_svg.default\">\n\t\t\t\t<div class=\"elementor-widget-container\">\n\t\t\t    <div class=\"aux-widget-container aux-simple-svg-container\">\n        <div class=\"aux-widget-container-inner\">\n            <div class=\"aux-the-svg\"><img decoding=\"async\" src=\"https:\/\/dev.pakatoys.acanthis.biz\/wp-content\/uploads\/2020\/09\/Group-228.png\" title=\"demo-attachment-228-Group-228\" alt=\"demo-attachment-228-Group-228\" loading=\"lazy\" \/><\/div>\n        <\/div>\n    <\/div>\n    \t\t<\/div>\n\t\t\t\t<\/div>\n\t\t\t\t\t\t<\/div>\n\t\t\t\t\t<\/div>\n\t\t<\/div>\n\t\t\t\t<div class=\"aux-parallax-section elementor-column elementor-col-33 elementor-inner-column elementor-element elementor-element-a7264da elementor-hidden-mobile\" data-id=\"a7264da\" data-element_type=\"column\">\n\t\t\t<div class=\"elementor-column-wrap elementor-element-populated\">\n\t\t\t\t\t\t\t<div class=\"elementor-widget-wrap\">\n\t\t\t\t\t\t<div class=\"elementor-element elementor-element-d313358 elementor-widget__width-auto aux-appear-watch-animation aux-slide-from-left elementor-widget elementor-widget-aux_simple_svg\" data-id=\"d313358\" data-element_type=\"widget\" data-widget_type=\"aux_simple_svg.default\">\n\t\t\t\t<div class=\"elementor-widget-container\">\n\t\t\t    <div class=\"aux-widget-container aux-simple-svg-container\">\n        <div class=\"aux-widget-container-inner\">\n            <div class=\"aux-the-svg\"><img decoding=\"async\" src=\"https:\/\/dev.pakatoys.acanthis.biz\/wp-content\/uploads\/2023\/07\/Path-2450.png\" title=\"Path-2450.png\" alt=\"Path-2450.png\" loading=\"lazy\" \/><\/div>\n        <\/div>\n    <\/div>\n    \t\t<\/div>\n\t\t\t\t<\/div>\n\t\t\t\t<div class=\"elementor-element elementor-element-67c0ece elementor-widget__width-auto aux-appear-watch-animation aux-slide-from-top elementor-widget elementor-widget-aux_simple_svg\" data-id=\"67c0ece\" data-element_type=\"widget\" data-widget_type=\"aux_simple_svg.default\">\n\t\t\t\t<div class=\"elementor-widget-container\">\n\t\t\t    <div class=\"aux-widget-container aux-simple-svg-container\">\n        <div class=\"aux-widget-container-inner\">\n            <div class=\"aux-the-svg\"><img decoding=\"async\" src=\"https:\/\/dev.pakatoys.acanthis.biz\/wp-content\/uploads\/2023\/07\/Path-2451.png\" title=\"Path-2451.png\" alt=\"Path-2451.png\" loading=\"lazy\" \/><\/div>\n        <\/div>\n    <\/div>\n    \t\t<\/div>\n\t\t\t\t<\/div>\n\t\t\t\t\t\t<\/div>\n\t\t\t\t\t<\/div>\n\t\t<\/div>\n\t\t\t\t\t\t\t\t<\/div>\n\t\t\t\t\t<\/div>\n\t\t<\/section>\n\t\t\t\t<div class=\"elementor-element elementor-element-cdf3670 elementor-hidden-mobile elementor-widget elementor-widget-image\" data-id=\"cdf3670\" data-element_type=\"widget\" data-widget_type=\"image.default\">\n\t\t\t\t<div class=\"elementor-widget-container\">\n\t\t\t\t\t\t\t\t<div class=\"elementor-image\">\n\t\t\t\t\t\t\t\t\t\t\t\t<img decoding=\"async\" width=\"122\" height=\"123\" src=\"https:\/\/dev.pakatoys.acanthis.biz\/wp-content\/uploads\/2023\/04\/Path-2451-1.png\" class=\"attachment-large size-large wp-image-633\" alt=\"\" loading=\"lazy\" \/>\t\t\t\t\t\t\t\t\t\t\t\t\t\t<\/div>\n\t\t\t\t\t\t<\/div>\n\t\t\t\t<\/div>\n\t\t\t\t\t\t<\/div>\n\t\t\t\t\t<\/div>\n\t\t<\/div>\n\t\t\t\t\t\t\t\t<\/div>\n\t\t\t\t\t<\/div>\n\t\t<\/section>\n\t\t\t\t<section class=\"elementor-section elementor-top-section elementor-element elementor-element-9f7dc80 elementor-section-content-middle elementor-section-boxed elementor-section-height-default elementor-section-height-default\" data-id=\"9f7dc80\" data-element_type=\"section\">\n\t\t\t\t\t\t<div class=\"elementor-container elementor-column-gap-no\">\n\t\t\t\t\t\t\t<div class=\"elementor-row\">\n\t\t\t\t\t<div class=\"aux-parallax-section elementor-column elementor-col-33 elementor-top-column elementor-element elementor-element-ce9ddc3\" data-id=\"ce9ddc3\" data-element_type=\"column\">\n\t\t\t<div class=\"elementor-column-wrap elementor-element-populated\">\n\t\t\t\t\t\t\t<div class=\"elementor-widget-wrap\">\n\t\t\t\t\t\t<div class=\"elementor-element elementor-element-47257af elementor-widget elementor-widget-image\" data-id=\"47257af\" data-element_type=\"widget\" data-widget_type=\"image.default\">\n\t\t\t\t<div class=\"elementor-widget-container\">\n\t\t\t\t\t\t\t\t<div class=\"elementor-image\">\n\t\t\t\t\t\t\t\t\t\t\t\t\t<a href=\"https:\/\/apps.apple.com\/ch\/app\/rvg-peem\/id1243452573%20\" target=\"_blank\">\n\t\t\t\t\t\t\t<img decoding=\"async\" width=\"558\" height=\"162\" src=\"https:\/\/dev.pakatoys.acanthis.biz\/wp-content\/uploads\/2023\/06\/de-1.jpg\" class=\"attachment-large size-large wp-image-2682\" alt=\"\" loading=\"lazy\" \/>\t\t\t\t\t\t\t\t<\/a>\n\t\t\t\t\t\t\t\t\t\t\t\t\t\t<\/div>\n\t\t\t\t\t\t<\/div>\n\t\t\t\t<\/div>\n\t\t\t\t<div class=\"elementor-element elementor-element-9d9a702 elementor-widget elementor-widget-image\" data-id=\"9d9a702\" data-element_type=\"widget\" data-widget_type=\"image.default\">\n\t\t\t\t<div class=\"elementor-widget-container\">\n\t\t\t\t\t\t\t\t<div class=\"elementor-image\">\n\t\t\t\t\t\t\t\t\t\t\t\t\t<a href=\"https:\/\/dev.pakatoys.acanthis.biz\/wp-content\/uploads\/2023\/06\/peem-de.pdf\" target=\"_blank\">\n\t\t\t\t\t\t\t<img decoding=\"async\" width=\"1024\" height=\"1024\" src=\"https:\/\/dev.pakatoys.acanthis.biz\/wp-content\/uploads\/2023\/06\/google-play-store-jetzt-bei-badge-download-svg-1024x1024.jpg\" class=\"attachment-large size-large wp-image-2680\" alt=\"\" loading=\"lazy\" srcset=\"https:\/\/dev.pakatoys.acanthis.biz\/wp-content\/uploads\/2023\/06\/google-play-store-jetzt-bei-badge-download-svg-1024x1024.jpg 1024w, https:\/\/dev.pakatoys.acanthis.biz\/wp-content\/uploads\/2023\/06\/google-play-store-jetzt-bei-badge-download-svg-300x300.jpg 300w, https:\/\/dev.pakatoys.acanthis.biz\/wp-content\/uploads\/2023\/06\/google-play-store-jetzt-bei-badge-download-svg-150x150.jpg 150w, https:\/\/dev.pakatoys.acanthis.biz\/wp-content\/uploads\/2023\/06\/google-play-store-jetzt-bei-badge-download-svg-768x768.jpg 768w, https:\/\/dev.pakatoys.acanthis.biz\/wp-content\/uploads\/2023\/06\/google-play-store-jetzt-bei-badge-download-svg.jpg 1080w\" sizes=\"(max-width: 1024px) 100vw, 1024px\" \/>\t\t\t\t\t\t\t\t<\/a>\n\t\t\t\t\t\t\t\t\t\t\t\t\t\t<\/div>\n\t\t\t\t\t\t<\/div>\n\t\t\t\t<\/div>\n\t\t\t\t\t\t<\/div>\n\t\t\t\t\t<\/div>\n\t\t<\/div>\n\t\t\t\t<div class=\"aux-parallax-section elementor-column elementor-col-33 elementor-top-column elementor-element elementor-element-331f682\" data-id=\"331f682\" data-element_type=\"column\">\n\t\t\t<div class=\"elementor-column-wrap elementor-element-populated\">\n\t\t\t\t\t\t\t<div class=\"elementor-widget-wrap\">\n\t\t\t\t\t\t<div class=\"elementor-element elementor-element-c8ace2c aux-appear-watch-animation aux-fade-in elementor-widget elementor-widget-aux_modern_heading\" data-id=\"c8ace2c\" data-element_type=\"widget\" data-widget_type=\"aux_modern_heading.default\">\n\t\t\t\t<div class=\"elementor-widget-container\">\n\t\t\t<section class=\"aux-widget-modern-heading\">\n            <div class=\"aux-widget-inner\"><h2 class=\"aux-modern-heading-primary\">Die Peemshop-App<\/h2><h3 class=\"aux-modern-heading-secondary\"><span class=\"aux-head-highlight\">Laden Sie die App herunter und fangen Sie jetzt an zu \"peemen\"!<\/span><\/h3><div class=\"aux-modern-heading-description\"><p class=\"p1\">Entdecken Sie das B2B-Shopping wie nie zuvor mit der PEEM.SHOP-App. Wir haben ein benutzerfreundliches mobiles Einkaufserlebnis geschaffen, das unsere breite Produktpalette in Reichweite bringt. Laden Sie unsere App noch heute herunter und entdecken Sie, wie PAKA Toys den Spielzeugeinkauf bequemer und effizienter macht.<\/p><\/div><\/div>\n        <\/section>\t\t<\/div>\n\t\t\t\t<\/div>\n\t\t\t\t\t\t<\/div>\n\t\t\t\t\t<\/div>\n\t\t<\/div>\n\t\t\t\t<div class=\"aux-parallax-section elementor-column elementor-col-33 elementor-top-column elementor-element elementor-element-28ddf42\" data-id=\"28ddf42\" data-element_type=\"column\">\n\t\t\t<div class=\"elementor-column-wrap elementor-element-populated\">\n\t\t\t\t\t\t\t<div class=\"elementor-widget-wrap\">\n\t\t\t\t\t\t<div class=\"elementor-element elementor-element-1b34cd5 elementor-widget__width-initial elementor-widget elementor-widget-image\" data-id=\"1b34cd5\" data-element_type=\"widget\" data-widget_type=\"image.default\">\n\t\t\t\t<div class=\"elementor-widget-container\">\n\t\t\t\t\t\t\t\t<div class=\"elementor-image\">\n\t\t\t\t\t\t\t\t\t\t\t\t<img decoding=\"async\" width=\"122\" height=\"130\" src=\"https:\/\/dev.pakatoys.acanthis.biz\/wp-content\/uploads\/2023\/04\/Group-148.png\" class=\"attachment-large size-large wp-image-496\" alt=\"\" loading=\"lazy\" \/>\t\t\t\t\t\t\t\t\t\t\t\t\t\t<\/div>\n\t\t\t\t\t\t<\/div>\n\t\t\t\t<\/div>\n\t\t\t\t<div class=\"elementor-element elementor-element-2f6d758 aux-appear-watch-animation aux-fade-in elementor-widget__width-auto elementor-widget-mobile__width-inherit elementor-widget elementor-widget-aux_modern_button\" data-id=\"2f6d758\" data-element_type=\"widget\" data-widget_type=\"aux_modern_button.default\">\n\t\t\t\t<div class=\"elementor-widget-container\">\n\t\t\t    <div class=\"aux-modern-button-wrapper aux-modern-button-align-left\" >\n                    <a class=\"aux-modern-button aux-black aux-modern-button-md aux-modern-button-normal aux-modern-button-default aux-icon-\" href=\"https:\/\/dev.pakatoys.acanthis.biz\/wp-content\/uploads\/2023\/06\/peem-install-de.pdf\" target=\"_blank\">\n                <div class=\"aux-overlay\"><\/div>\n                                    <div class=\"aux-icon \">\n                                            <\/div>\n                                <div class=\"aux-text\">\n<span class=\"aux-text-before\">Installationsanleitung<\/span>                <\/div>\n            <\/a>\n            \n    <\/div>\n\n    \t\t<\/div>\n\t\t\t\t<\/div>\n\t\t\t\t<div class=\"elementor-element elementor-element-c229d1e aux-appear-watch-animation aux-fade-in elementor-widget__width-auto elementor-widget-mobile__width-inherit elementor-widget elementor-widget-aux_modern_button\" data-id=\"c229d1e\" data-element_type=\"widget\" data-widget_type=\"aux_modern_button.default\">\n\t\t\t\t<div class=\"elementor-widget-container\">\n\t\t\t    <div class=\"aux-modern-button-wrapper aux-modern-button-align-left\" >\n                    <a class=\"aux-modern-button aux-black aux-modern-button-md aux-modern-button-normal aux-modern-button-default aux-icon-\" href=\"https:\/\/dev.pakatoys.acanthis.biz\/wp-content\/uploads\/2023\/06\/peem-de.pdf\" target=\"_blank\">\n                <div class=\"aux-overlay\"><\/div>\n                                    <div class=\"aux-icon \">\n                                            <\/div>\n                                <div class=\"aux-text\">\n<span class=\"aux-text-before\">Benutzerhandbuch<\/span>                <\/div>\n            <\/a>\n            \n    <\/div>\n\n    \t\t<\/div>\n\t\t\t\t<\/div>\n\t\t\t\t\t\t<\/div>\n\t\t\t\t\t<\/div>\n\t\t<\/div>\n\t\t\t\t\t\t\t\t<\/div>\n\t\t\t\t\t<\/div>\n\t\t<\/section>\n\t\t\t\t\t\t\t\t\t<\/div>\n\t\t\t<\/div>\n\t\t\t\t\t<\/div>\n\t\t","protected":false},"excerpt":{"rendered":"<p>Peemshop Peem! Der Shop speziell f\u00fcr unsere Wiederverk\u00e4ufer Peem ist ein Online-Shop, der speziell f\u00fcr Kunden von Paka Toys entwickelt wurde. Er ist einfach, schnell und intuitiv. Mit nur wenigen Klicks haben Sie Zugang zum gesamten Katalog und den neuesten Paka-Produkten, k\u00f6nnen den Lagerbestand in Echtzeit einsehen, direkt bestellen und Ihre Bestell- und Rechnungshistorie einsehen. [&hellip;]<\/p>\n","protected":false},"author":1,"featured_media":0,"parent":0,"menu_order":0,"comment_status":"closed","ping_status":"closed","template":"templates\/page-builder-content.php","meta":[],"_links":{"self":[{"href":"https:\/\/dev.pakatoys.acanthis.biz\/de\/wp-json\/wp\/v2\/pages\/2567"}],"collection":[{"href":"https:\/\/dev.pakatoys.acanthis.biz\/de\/wp-json\/wp\/v2\/pages"}],"about":[{"href":"https:\/\/dev.pakatoys.acanthis.biz\/de\/wp-json\/wp\/v2\/types\/page"}],"author":[{"embeddable":true,"href":"https:\/\/dev.pakatoys.acanthis.biz\/de\/wp-json\/wp\/v2\/users\/1"}],"replies":[{"embeddable":true,"href":"https:\/\/dev.pakatoys.acanthis.biz\/de\/wp-json\/wp\/v2\/comments?post=2567"}],"version-history":[{"count":19,"href":"https:\/\/dev.pakatoys.acanthis.biz\/de\/wp-json\/wp\/v2\/pages\/2567\/revisions"}],"predecessor-version":[{"id":3055,"href":"https:\/\/dev.pakatoys.acanthis.biz\/de\/wp-json\/wp\/v2\/pages\/2567\/revisions\/3055"}],"wp:attachment":[{"href":"https:\/\/dev.pakatoys.acanthis.biz\/de\/wp-json\/wp\/v2\/media?parent=2567"}],"curies":[{"name":"wp","href":"https:\/\/api.w.org\/{rel}","templated":true}]}}