{"id":2593,"date":"2020-09-21T11:43:48","date_gmt":"2020-09-21T09:43:48","guid":{"rendered":"https:\/\/dev.pakatoys.acanthis.biz\/?page_id=2593"},"modified":"2023-07-11T14:54:21","modified_gmt":"2023-07-11T12:54:21","slug":"kontakt","status":"publish","type":"page","link":"https:\/\/dev.pakatoys.acanthis.biz\/de\/kontakt\/","title":{"rendered":"Kontakt"},"content":{"rendered":"\t\t<div data-elementor-type=\"wp-page\" data-elementor-id=\"2593\" class=\"elementor elementor-2593 elementor-130\" data-elementor-post-type=\"page\">\n\t\t\t\t\t\t<div class=\"elementor-inner\">\n\t\t\t\t<div class=\"elementor-section-wrap\">\n\t\t\t\t\t\t\t\t\t<section class=\"elementor-section elementor-top-section elementor-element elementor-element-2962ae8 elementor-section-boxed elementor-section-height-default elementor-section-height-default\" data-id=\"2962ae8\" data-element_type=\"section\">\n\t\t\t\t\t\t<div class=\"elementor-container elementor-column-gap-no\">\n\t\t\t\t\t\t\t<div class=\"elementor-row\">\n\t\t\t\t\t<div class=\"aux-parallax-section elementor-column elementor-col-50 elementor-top-column elementor-element elementor-element-c40e629\" data-id=\"c40e629\" data-element_type=\"column\">\n\t\t\t<div class=\"elementor-column-wrap elementor-element-populated\">\n\t\t\t\t\t\t\t<div class=\"elementor-widget-wrap\">\n\t\t\t\t\t\t<div class=\"elementor-element elementor-element-dc13574 aux-appear-watch-animation aux-fade-in elementor-widget elementor-widget-aux_modern_heading\" data-id=\"dc13574\" data-element_type=\"widget\" data-widget_type=\"aux_modern_heading.default\">\n\t\t\t\t<div class=\"elementor-widget-container\">\n\t\t\t<section class=\"aux-widget-modern-heading\">\n            <div class=\"aux-widget-inner\"><h2 class=\"aux-modern-heading-primary\">Kontaktieren Sie uns<\/h2><h3 class=\"aux-modern-heading-secondary\"><span class=\"aux-head-highlight\">Bei Fragen kontaktieren Sie uns bitte. Wir helfen Ihnen gerne weiter.<\/span><\/h3><div class=\"aux-modern-heading-description\"><p class=\"p1\">Wenn Sie ein Spielzeug- oder S\u00fc\u00dfwarenh\u00e4ndler sind und an unseren Produkten interessiert sind, m\u00f6chten Sie vielleicht mit uns dar\u00fcber sprechen. Z\u00f6gern Sie nicht und schreiben Sie uns!<\/p><\/div><\/div>\n        <\/section>\t\t<\/div>\n\t\t\t\t<\/div>\n\t\t\t\t<div class=\"elementor-element elementor-element-1660985 elementor-widget elementor-widget-wpforms\" data-id=\"1660985\" data-element_type=\"widget\" data-widget_type=\"wpforms.default\">\n\t\t\t\t<div class=\"elementor-widget-container\">\n\t\t\t<div class=\"wpforms-container wpforms-container-full\" id=\"wpforms-3211\"><form id=\"wpforms-form-3211\" class=\"wpforms-validate wpforms-form wpforms-ajax-form\" data-formid=\"3211\" method=\"post\" enctype=\"multipart\/form-data\" action=\"\/de\/wp-json\/wp\/v2\/pages\/2593\" data-token=\"200b7ff36897d86c5b89cc2cc05646a8\"><noscript class=\"wpforms-error-noscript\">Please enable JavaScript in your browser to complete this form.<\/noscript><div class=\"wpforms-field-container\"><div id=\"wpforms-3211-field_3-container\" class=\"wpforms-field wpforms-field-select wpforms-field-select-style-classic\" data-field-id=\"3\"><label class=\"wpforms-field-label wpforms-label-hide\" for=\"wpforms-3211-field_3\">Liste d\u00e9roulante<\/label><select id=\"wpforms-3211-field_3\" class=\"wpforms-field-medium\" name=\"wpforms[fields][3]\"><option value=\"Sie sind \u2026\" >Sie sind \u2026<\/option><option value=\"Ein bestimmtes\" >Ein bestimmtes<\/option><option value=\"Ein professioneller\" >Ein professioneller<\/option><\/select><\/div><div id=\"wpforms-3211-field_4-container\" class=\"wpforms-field wpforms-field-text\" data-field-id=\"4\"><label class=\"wpforms-field-label wpforms-label-hide\" for=\"wpforms-3211-field_4\">Name<\/label><input type=\"text\" id=\"wpforms-3211-field_4\" class=\"wpforms-field-medium\" name=\"wpforms[fields][4]\" placeholder=\"Name\" ><\/div><div id=\"wpforms-3211-field_5-container\" class=\"wpforms-field wpforms-field-text\" data-field-id=\"5\"><label class=\"wpforms-field-label wpforms-label-hide\" for=\"wpforms-3211-field_5\">Vorname<\/label><input type=\"text\" id=\"wpforms-3211-field_5\" class=\"wpforms-field-medium\" name=\"wpforms[fields][5]\" placeholder=\"Vorname\" ><\/div><div id=\"wpforms-3211-field_1-container\" class=\"wpforms-field wpforms-field-email\" data-field-id=\"1\"><label class=\"wpforms-field-label wpforms-label-hide\" for=\"wpforms-3211-field_1\">E-mail <span class=\"wpforms-required-label\">*<\/span><\/label><input type=\"email\" id=\"wpforms-3211-field_1\" class=\"wpforms-field-medium wpforms-field-required\" name=\"wpforms[fields][1]\" placeholder=\"E-mail\" required><\/div><div id=\"wpforms-3211-field_2-container\" class=\"wpforms-field wpforms-field-textarea\" data-field-id=\"2\"><label class=\"wpforms-field-label wpforms-label-hide\" for=\"wpforms-3211-field_2\">Nachricht<\/label><textarea id=\"wpforms-3211-field_2\" class=\"wpforms-field-large\" name=\"wpforms[fields][2]\" placeholder=\"Nachricht\" ><\/textarea><\/div><\/div><div class=\"wpforms-submit-container\"><input type=\"hidden\" name=\"wpforms[id]\" value=\"3211\"><input type=\"hidden\" name=\"wpforms[author]\" value=\"1\"><button type=\"submit\" name=\"wpforms[submit]\" id=\"wpforms-submit-3211\" class=\"wpforms-submit\" data-alt-text=\"Envoi...\" data-submit-text=\"Envoyer\" aria-live=\"assertive\" value=\"wpforms-submit\">Envoyer<\/button><img decoding=\"async\" loading=\"lazy\" src=\"https:\/\/dev.pakatoys.acanthis.biz\/wp-content\/plugins\/wpforms\/assets\/images\/submit-spin.svg\" class=\"wpforms-submit-spinner\" style=\"display: none;\" width=\"26\" height=\"26\" alt=\"Loading\"><\/div><\/form><\/div>  <!-- .wpforms-container -->\t\t<\/div>\n\t\t\t\t<\/div>\n\t\t\t\t<div class=\"elementor-element elementor-element-752948d elementor-widget__width-initial elementor-widget elementor-widget-image\" data-id=\"752948d\" data-element_type=\"widget\" data-widget_type=\"image.default\">\n\t\t\t\t<div class=\"elementor-widget-container\">\n\t\t\t\t\t\t\t\t<div class=\"elementor-image\">\n\t\t\t\t\t\t\t\t\t\t\t\t<img decoding=\"async\" width=\"122\" height=\"130\" src=\"https:\/\/dev.pakatoys.acanthis.biz\/wp-content\/uploads\/2023\/04\/Group-148.png\" class=\"attachment-large size-large wp-image-496\" alt=\"\" loading=\"lazy\" \/>\t\t\t\t\t\t\t\t\t\t\t\t\t\t<\/div>\n\t\t\t\t\t\t<\/div>\n\t\t\t\t<\/div>\n\t\t\t\t\t\t<\/div>\n\t\t\t\t\t<\/div>\n\t\t<\/div>\n\t\t\t\t<div class=\"aux-parallax-section elementor-column elementor-col-50 elementor-top-column elementor-element elementor-element-dc6c4f1\" data-id=\"dc6c4f1\" data-element_type=\"column\">\n\t\t\t<div class=\"elementor-column-wrap elementor-element-populated\">\n\t\t\t\t\t\t\t<div class=\"elementor-widget-wrap\">\n\t\t\t\t\t\t<div class=\"elementor-element elementor-element-aedaa6f aux-appear-watch-animation aux-fade-in elementor-widget elementor-widget-google_maps\" data-id=\"aedaa6f\" data-element_type=\"widget\" data-widget_type=\"google_maps.default\">\n\t\t\t\t<div class=\"elementor-widget-container\">\n\t\t\t\t\t<div class=\"elementor-custom-embed\">\n\t\t\t<iframe loading=\"lazy\"\n\t\t\t\t\tsrc=\"https:\/\/maps.google.com\/maps?q=47%2C%20rue%20du%2031-D%C3%A9cembre%20CH-1207%20Gen%C3%A8ve&#038;t=m&#038;z=14&#038;output=embed&#038;iwloc=near\"\n\t\t\t\t\ttitle=\"47, rue du 31-D\u00e9cembre CH-1207 Gen\u00e8ve\"\n\t\t\t\t\taria-label=\"47, rue du 31-D\u00e9cembre CH-1207 Gen\u00e8ve\"\n\t\t\t><\/iframe>\n\t\t<\/div>\n\t\t\t\t<\/div>\n\t\t\t\t<\/div>\n\t\t\t\t<section class=\"elementor-section elementor-inner-section elementor-element elementor-element-db0ba0d aux-appear-watch-animation aux-fade-in-up elementor-section-boxed elementor-section-height-default elementor-section-height-default\" data-id=\"db0ba0d\" data-element_type=\"section\" data-settings=\"{&quot;background_background&quot;:&quot;gradient&quot;}\">\n\t\t\t\t\t\t<div class=\"elementor-container elementor-column-gap-no\">\n\t\t\t\t\t\t\t<div class=\"elementor-row\">\n\t\t\t\t\t<div class=\"aux-parallax-section elementor-column elementor-col-33 elementor-inner-column elementor-element elementor-element-f5ef01a\" data-id=\"f5ef01a\" data-element_type=\"column\">\n\t\t\t<div class=\"elementor-column-wrap elementor-element-populated\">\n\t\t\t\t\t\t\t<div class=\"elementor-widget-wrap\">\n\t\t\t\t\t\t<div class=\"elementor-element elementor-element-a0d28c7 elementor-widget elementor-widget-aux_text\" data-id=\"a0d28c7\" data-element_type=\"widget\" data-widget_type=\"aux_text.default\">\n\t\t\t\t<div class=\"elementor-widget-container\">\n\t\t\t<section class=\"widget-container aux-widget-text aux-parent-au9794c3c5\">        <div class=\"aux-widget-advanced-text aux-wrap-style-simple aux-ico-pos- aux-text-left aux-text-resp- aux-text-color-dark aux-text-widget-bg-center  \" >\n        \n            \n            <div class=\"aux-text-inner aux-text-widget-content\">\n                                <h4 class=\"col-title\">Telefon:<\/h4>\n                                <div class=\"widget-content\">\n                                        <p>+41 (0)22 707 70 70<\/p>                <\/div>\n                            <\/div>\n        <\/div>\n                    <div class=\"aux-text-widget-footer\">\n                <div class=\"aux-border-shape-none \">\n                                <\/div>\n            <\/div>\n        \n<\/section><!-- widget-container -->\t\t<\/div>\n\t\t\t\t<\/div>\n\t\t\t\t\t\t<\/div>\n\t\t\t\t\t<\/div>\n\t\t<\/div>\n\t\t\t\t<div class=\"aux-parallax-section elementor-column elementor-col-33 elementor-inner-column elementor-element elementor-element-c8d9828\" data-id=\"c8d9828\" data-element_type=\"column\">\n\t\t\t<div class=\"elementor-column-wrap elementor-element-populated\">\n\t\t\t\t\t\t\t<div class=\"elementor-widget-wrap\">\n\t\t\t\t\t\t<div class=\"elementor-element elementor-element-c1a02e9 elementor-widget elementor-widget-aux_text\" data-id=\"c1a02e9\" data-element_type=\"widget\" data-widget_type=\"aux_text.default\">\n\t\t\t\t<div class=\"elementor-widget-container\">\n\t\t\t<section class=\"widget-container aux-widget-text aux-parent-au1709ac1c\">        <div class=\"aux-widget-advanced-text aux-wrap-style-simple aux-ico-pos- aux-text-left aux-text-resp- aux-text-color-dark aux-text-widget-bg-center  \" >\n        \n            \n            <div class=\"aux-text-inner aux-text-widget-content\">\n                                <h4 class=\"col-title\">Adresse:<\/h4>\n                                <div class=\"widget-content\">\n                                        <p class=\"p1\">47, rue du 31-D\u00e9cembre<br \/>CH-1207 Gen\u00e8ve<\/p>                <\/div>\n                            <\/div>\n        <\/div>\n                    <div class=\"aux-text-widget-footer\">\n                <div class=\"aux-border-shape-none \">\n                                <\/div>\n            <\/div>\n        \n<\/section><!-- widget-container -->\t\t<\/div>\n\t\t\t\t<\/div>\n\t\t\t\t\t\t<\/div>\n\t\t\t\t\t<\/div>\n\t\t<\/div>\n\t\t\t\t<div class=\"aux-parallax-section elementor-column elementor-col-33 elementor-inner-column elementor-element elementor-element-87289f8\" data-id=\"87289f8\" data-element_type=\"column\">\n\t\t\t<div class=\"elementor-column-wrap elementor-element-populated\">\n\t\t\t\t\t\t\t<div class=\"elementor-widget-wrap\">\n\t\t\t\t\t\t<div class=\"elementor-element elementor-element-02eaac8 elementor-widget elementor-widget-aux_text\" data-id=\"02eaac8\" data-element_type=\"widget\" data-widget_type=\"aux_text.default\">\n\t\t\t\t<div class=\"elementor-widget-container\">\n\t\t\t<section class=\"widget-container aux-widget-text aux-parent-au2d1c5ee6\">        <div class=\"aux-widget-advanced-text aux-wrap-style-simple aux-ico-pos- aux-text-left aux-text-resp- aux-text-color-dark aux-text-widget-bg-center  \" >\n        \n            \n            <div class=\"aux-text-inner aux-text-widget-content\">\n                                <h4 class=\"col-title\">E-mail:<\/h4>\n                                <div class=\"widget-content\">\n                                        <p>paka@pakatoys.ch<\/p>                <\/div>\n                            <\/div>\n        <\/div>\n                    <div class=\"aux-text-widget-footer\">\n                <div class=\"aux-border-shape-none \">\n                                <\/div>\n            <\/div>\n        \n<\/section><!-- widget-container -->\t\t<\/div>\n\t\t\t\t<\/div>\n\t\t\t\t\t\t<\/div>\n\t\t\t\t\t<\/div>\n\t\t<\/div>\n\t\t\t\t\t\t\t\t<\/div>\n\t\t\t\t\t<\/div>\n\t\t<\/section>\n\t\t\t\t\t\t<\/div>\n\t\t\t\t\t<\/div>\n\t\t<\/div>\n\t\t\t\t\t\t\t\t<\/div>\n\t\t\t\t\t<\/div>\n\t\t<\/section>\n\t\t\t\t\t\t\t\t\t<\/div>\n\t\t\t<\/div>\n\t\t\t\t\t<\/div>\n\t\t","protected":false},"excerpt":{"rendered":"<p>Kontaktieren Sie uns Bei Fragen kontaktieren Sie uns bitte. Wir helfen Ihnen gerne weiter. Wenn Sie ein Spielzeug- oder S\u00fc\u00dfwarenh\u00e4ndler sind und an unseren Produkten interessiert sind, m\u00f6chten Sie vielleicht mit uns dar\u00fcber sprechen. Z\u00f6gern Sie nicht und schreiben Sie uns! Telefon: +41 (0)22 707 70 70 Adresse: 47, rue du 31-D\u00e9cembreCH-1207 Gen\u00e8ve E-mail: paka@pakatoys.ch<\/p>\n","protected":false},"author":1,"featured_media":0,"parent":0,"menu_order":0,"comment_status":"closed","ping_status":"closed","template":"templates\/page-builder-content.php","meta":[],"_links":{"self":[{"href":"https:\/\/dev.pakatoys.acanthis.biz\/de\/wp-json\/wp\/v2\/pages\/2593"}],"collection":[{"href":"https:\/\/dev.pakatoys.acanthis.biz\/de\/wp-json\/wp\/v2\/pages"}],"about":[{"href":"https:\/\/dev.pakatoys.acanthis.biz\/de\/wp-json\/wp\/v2\/types\/page"}],"author":[{"embeddable":true,"href":"https:\/\/dev.pakatoys.acanthis.biz\/de\/wp-json\/wp\/v2\/users\/1"}],"replies":[{"embeddable":true,"href":"https:\/\/dev.pakatoys.acanthis.biz\/de\/wp-json\/wp\/v2\/comments?post=2593"}],"version-history":[{"count":61,"href":"https:\/\/dev.pakatoys.acanthis.biz\/de\/wp-json\/wp\/v2\/pages\/2593\/revisions"}],"predecessor-version":[{"id":3221,"href":"https:\/\/dev.pakatoys.acanthis.biz\/de\/wp-json\/wp\/v2\/pages\/2593\/revisions\/3221"}],"wp:attachment":[{"href":"https:\/\/dev.pakatoys.acanthis.biz\/de\/wp-json\/wp\/v2\/media?parent=2593"}],"curies":[{"name":"wp","href":"https:\/\/api.w.org\/{rel}","templated":true}]}}